{"id":34,"date":"2019-03-25T17:19:36","date_gmt":"2019-03-25T17:19:36","guid":{"rendered":"http:\/\/wp.double-you-be.de\/?page_id=34"},"modified":"2024-10-10T13:42:28","modified_gmt":"2024-10-10T13:42:28","slug":"test","status":"publish","type":"page","link":"https:\/\/double-you-be.de\/","title":{"rendered":""},"content":{"rendered":"<figure><img decoding=\"async\" src=\"https:\/\/double-you-be.de\/wp-content\/uploads\/2022\/02\/Bittner2020Daschner-724x1024.jpg\" alt=\"\" \/><\/figure>\n<p style=\"font-size: 11px;\">photo: Andreas Daschner<\/p>\n<p style=\"background-color: #95ebd4; font-size: 30px; text-align: center;\">Hallo und willkommen auf meiner Homepage<\/p><div class=\"wp-block-image\"><figure class=\"aligncenter size-full is-resized\"><img fetchpriority=\"high\" decoding=\"async\" width=\"2560\" height=\"2398\" src=\"https:\/\/double-you-be.de\/wp-content\/uploads\/2024\/10\/CD-Cover-2-scaled.jpg\" alt=\"\" class=\"wp-image-1061\" style=\"width:241px;height:auto\" srcset=\"https:\/\/double-you-be.de\/wp-content\/uploads\/2024\/10\/CD-Cover-2-scaled.jpg 2560w, https:\/\/double-you-be.de\/wp-content\/uploads\/2024\/10\/CD-Cover-2-300x281.jpg 300w, https:\/\/double-you-be.de\/wp-content\/uploads\/2024\/10\/CD-Cover-2-1024x959.jpg 1024w, https:\/\/double-you-be.de\/wp-content\/uploads\/2024\/10\/CD-Cover-2-768x720.jpg 768w, https:\/\/double-you-be.de\/wp-content\/uploads\/2024\/10\/CD-Cover-2-1536x1439.jpg 1536w, https:\/\/double-you-be.de\/wp-content\/uploads\/2024\/10\/CD-Cover-2-2048x1919.jpg 2048w, https:\/\/double-you-be.de\/wp-content\/uploads\/2024\/10\/CD-Cover-2-600x562.jpg 600w\" sizes=\"(max-width: 2560px) 100vw, 2560px\" \/><\/figure><\/div><p><strong><mark style=\"background-color:rgba(0, 0, 0, 0)\" class=\"has-inline-color has-luminous-vivid-orange-color\">Underwater Pirates<\/mark><\/strong> ist der Titel der neuen LP von <mark style=\"background-color:rgba(0, 0, 0, 0)\" class=\"has-inline-color has-luminous-vivid-orange-color\"><strong>Digilogue<\/strong><\/mark> <\/p><figure class=\"wp-block-audio\"><audio controls src=\"https:\/\/double-you-be.de\/wp-content\/uploads\/2024\/10\/01_Pressluftmp3.mp3\"><\/audio><figcaption class=\"wp-element-caption\">&#8222;Pressluft&#8220; ist der Opener der LP, mit Hilfe des guten alten Dieselmotors DM 10, und mit Daniele Joas an Trompete und Horn<\/figcaption><\/figure><figure class=\"wp-block-audio aligncenter\"><audio controls src=\"https:\/\/double-you-be.de\/wp-content\/uploads\/2024\/03\/Love-Song.mp3\"><\/audio><figcaption class=\"wp-element-caption\"><mark style=\"background-color:rgba(0, 0, 0, 0)\" class=\"has-inline-color has-luminous-vivid-orange-color\">Love Song,<\/mark> <em>2024 Version<\/em><\/figcaption><\/figure><div class=\"wp-block-image\"><figure class=\"aligncenter size-large is-resized\"><img decoding=\"async\" width=\"923\" height=\"1024\" src=\"https:\/\/double-you-be.de\/wp-content\/uploads\/2024\/03\/Walt923-923x1024.jpeg\" alt=\"\" class=\"wp-image-1006\" style=\"width:242px;height:auto\" srcset=\"https:\/\/double-you-be.de\/wp-content\/uploads\/2024\/03\/Walt923-923x1024.jpeg 923w, https:\/\/double-you-be.de\/wp-content\/uploads\/2024\/03\/Walt923-270x300.jpeg 270w, https:\/\/double-you-be.de\/wp-content\/uploads\/2024\/03\/Walt923-768x852.jpeg 768w, https:\/\/double-you-be.de\/wp-content\/uploads\/2024\/03\/Walt923-1384x1536.jpeg 1384w, https:\/\/double-you-be.de\/wp-content\/uploads\/2024\/03\/Walt923-1846x2048.jpeg 1846w, https:\/\/double-you-be.de\/wp-content\/uploads\/2024\/03\/Walt923-600x666.jpeg 600w\" sizes=\"(max-width: 923px) 100vw, 923px\" \/><\/figure><\/div><p style=\"font-size:14px\"><\/p><p>Auf <a href=\"http:\/\/www.soundcloud.com\/walterbittner\" data-type=\"URL\" data-id=\"www.soundcloud.com\/walterbittner\">Soundcloud<\/a> und <a href=\"https:\/\/open.spotify.com\/playlist\/1pshgQ37qjyX22L7XYry6t\">Spotify<\/a> k\u00f6nnt Ihr die Bandbreite meiner musikalischen Aktivit\u00e4ten h\u00f6ren &#8211;<\/p>\n<p>Kontakt \u00fcber <a href=\"mailto:waltbitt@gmx.de\">waltbitt@gmx.de<\/a><\/p>\n<figure><\/figure><p><\/p><figure><a href=\"https:\/\/youtu.be\/VXboTJ5e8lE\" target=\"_blank\" rel=\"noopener\"><br \/><img decoding=\"async\" src=\"https:\/\/double-you-be.de\/wp-content\/uploads\/2022\/10\/SP1.png\" sizes=\"(max-width: 727px) 100vw, 727px\" srcset=\"https:\/\/double-you-be.de\/wp-content\/uploads\/2022\/10\/SP1.png 727w, https:\/\/double-you-be.de\/wp-content\/uploads\/2022\/10\/SP1-300x170.png 300w, https:\/\/double-you-be.de\/wp-content\/uploads\/2022\/10\/SP1-600x341.png 600w\" alt=\"\" width=\"727\" height=\"413\" \/> <\/a>\n<figcaption>Zakedy Music und G\u00e4ste im Jazzclub Augsburg, Mai 2021<\/figcaption>\n<\/figure>\n<figure><a href=\"https:\/\/youtu.be\/xGLi8T4dMYc\" target=\"_blank\" rel=\"noopener\"><br \/><img loading=\"lazy\" decoding=\"async\" src=\"https:\/\/double-you-be.de\/wp-content\/uploads\/2022\/10\/SP2.png\" sizes=\"(max-width: 730px) 100vw, 730px\" srcset=\"https:\/\/double-you-be.de\/wp-content\/uploads\/2022\/10\/SP2.png 730w, https:\/\/double-you-be.de\/wp-content\/uploads\/2022\/10\/SP2-300x170.png 300w, https:\/\/double-you-be.de\/wp-content\/uploads\/2022\/10\/SP2-600x340.png 600w\" alt=\"\" width=\"730\" height=\"414\" \/> <\/a>\n<figcaption>\u00a0DIGILOGUE Performance, Kresslesm\u00fchle, Augsburg<\/figcaption>\n<\/figure>\n<figure><a href=\"https:\/\/youtu.be\/HzcO0f1zzRU\" target=\"_blank\" rel=\"noopener\"><br \/><img loading=\"lazy\" decoding=\"async\" src=\"https:\/\/double-you-be.de\/wp-content\/uploads\/2022\/10\/SP3.png\" sizes=\"(max-width: 729px) 100vw, 729px\" srcset=\"https:\/\/double-you-be.de\/wp-content\/uploads\/2022\/10\/SP3.png 729w, https:\/\/double-you-be.de\/wp-content\/uploads\/2022\/10\/SP3-300x170.png 300w, https:\/\/double-you-be.de\/wp-content\/uploads\/2022\/10\/SP3-600x339.png 600w\" alt=\"\" width=\"729\" height=\"412\" \/> <\/a>\n<figcaption>Live Jam mit Michael Hornstein, April2021, Musikwerkstatt Augsburg<\/figcaption>\n<\/figure>","protected":false},"excerpt":{"rendered":"<p>photo: Andreas Daschner Hallo und willkommen auf meiner Homepage Underwater Pirates ist der Titel der neuen LP von Digilogue Auf Soundcloud und Spotify k\u00f6nnt Ihr die Bandbreite meiner musikalischen Aktivit\u00e4ten h\u00f6ren &#8211; Kontakt \u00fcber waltbitt@gmx.de Zakedy Music und G\u00e4ste im Jazzclub Augsburg, Mai 2021 \u00a0DIGILOGUE Performance, Kresslesm\u00fchle, Augsburg Live Jam mit Michael Hornstein, April2021, Musikwerkstatt &#8230; <a title=\"\" class=\"read-more\" href=\"https:\/\/double-you-be.de\/\">Read more<span class=\"screen-reader-text\"><\/span><\/a><\/p>\n","protected":false},"author":1,"featured_media":0,"parent":0,"menu_order":0,"comment_status":"closed","ping_status":"closed","template":"","meta":{"footnotes":""},"class_list":["post-34","page","type-page","status-publish"],"_links":{"self":[{"href":"https:\/\/double-you-be.de\/index.php?rest_route=\/wp\/v2\/pages\/34"}],"collection":[{"href":"https:\/\/double-you-be.de\/index.php?rest_route=\/wp\/v2\/pages"}],"about":[{"href":"https:\/\/double-you-be.de\/index.php?rest_route=\/wp\/v2\/types\/page"}],"author":[{"embeddable":true,"href":"https:\/\/double-you-be.de\/index.php?rest_route=\/wp\/v2\/users\/1"}],"replies":[{"embeddable":true,"href":"https:\/\/double-you-be.de\/index.php?rest_route=%2Fwp%2Fv2%2Fcomments&post=34"}],"version-history":[{"count":113,"href":"https:\/\/double-you-be.de\/index.php?rest_route=\/wp\/v2\/pages\/34\/revisions"}],"predecessor-version":[{"id":1082,"href":"https:\/\/double-you-be.de\/index.php?rest_route=\/wp\/v2\/pages\/34\/revisions\/1082"}],"wp:attachment":[{"href":"https:\/\/double-you-be.de\/index.php?rest_route=%2Fwp%2Fv2%2Fmedia&parent=34"}],"curies":[{"name":"wp","href":"https:\/\/api.w.org\/{rel}","templated":true}]}}