{"id":288,"date":"2020-04-24T05:41:00","date_gmt":"2020-04-24T05:41:00","guid":{"rendered":"http:\/\/wp.double-you-be.de\/?page_id=288"},"modified":"2020-05-01T15:05:59","modified_gmt":"2020-05-01T15:05:59","slug":"one-two-free","status":"publish","type":"page","link":"https:\/\/double-you-be.de\/?page_id=288","title":{"rendered":"One Two Free"},"content":{"rendered":"<figure class=\"wp-block-image size-large is-resized\"><img fetchpriority=\"high\" decoding=\"async\" src=\"http:\/\/wp.double-you-be.de\/wp-content\/uploads\/2019\/05\/image-1024x708.png\" alt=\"\" class=\"wp-image-214\" width=\"512\" height=\"354\" srcset=\"https:\/\/double-you-be.de\/wp-content\/uploads\/2019\/05\/image-1024x708.png 1024w, https:\/\/double-you-be.de\/wp-content\/uploads\/2019\/05\/image-600x415.png 600w, https:\/\/double-you-be.de\/wp-content\/uploads\/2019\/05\/image-300x207.png 300w, https:\/\/double-you-be.de\/wp-content\/uploads\/2019\/05\/image-768x531.png 768w\" sizes=\"(max-width: 512px) 100vw, 512px\" \/><\/figure><p style=\"background-color:#cee2eb\" class=\"has-text-color has-background has-small-font-size has-vivid-red-color\"><strong>ONE TWO FREE&nbsp;<\/strong>ist ein Jazztrio aus Augsburg,&nbsp; dass 1982 von&nbsp;Walter Bittner ( drums ), Klaus F\u00fcger ( double bass ), und Robert Vogg ( flute, sax. ) gegr\u00fcndet wurde. Nach Aufl\u00f6sung der Band 1992 arbeiteten F\u00fcger und Bittner \u00fcber ein Jahrzehnt im Projekt \u201e The Double You be\u201c zusammen. Nun,&nbsp;38 Jahre sp\u00e4ter haben sich die drei Musiker wieder zusammengetan, um sowohl Kompositionen aus der Anfangszeit&nbsp;von&nbsp;<strong>ONE TWO FREE<\/strong>, als auch neues Songmaterial vorzustellen. Der akustische Klang des Trios wird durch Einarbeitung &nbsp;editierter Samples in die Live-Performance erweitert.&nbsp;   Die drei Musiker loten in kollektiven Improvisationen, Klangminiaturen,&nbsp; Eigenkompositionen und Arrangements von Jazzstandards die M\u00f6glichkeiten ihrer Instrumente aus, ohne dabei den Zuh\u00f6rer auf der Strecke zu lassen.<\/p><figure class=\"wp-block-image size-large is-resized\"><img decoding=\"async\" src=\"http:\/\/wp.double-you-be.de\/wp-content\/uploads\/2020\/05\/icea-Cover-1024x925.jpeg\" alt=\"\" class=\"wp-image-386\" width=\"578\" height=\"521\" srcset=\"https:\/\/double-you-be.de\/wp-content\/uploads\/2020\/05\/icea-Cover-1024x925.jpeg 1024w, https:\/\/double-you-be.de\/wp-content\/uploads\/2020\/05\/icea-Cover-600x542.jpeg 600w, https:\/\/double-you-be.de\/wp-content\/uploads\/2020\/05\/icea-Cover-300x271.jpeg 300w, https:\/\/double-you-be.de\/wp-content\/uploads\/2020\/05\/icea-Cover-768x694.jpeg 768w, https:\/\/double-you-be.de\/wp-content\/uploads\/2020\/05\/icea-Cover-1536x1388.jpeg 1536w, https:\/\/double-you-be.de\/wp-content\/uploads\/2020\/05\/icea-Cover.jpeg 1562w\" sizes=\"(max-width: 578px) 100vw, 578px\" \/><figcaption>Rec. 2018<\/figcaption><\/figure><figure class=\"wp-block-audio\"><audio controls src=\"http:\/\/wp.double-you-be.de\/wp-content\/uploads\/2020\/05\/02-Passacaglia.mp3\"><\/audio><figcaption>Demosong: Passacaglia<\/figcaption><\/figure><p><\/p><figure class=\"wp-block-embed-youtube wp-block-embed is-type-video is-provider-youtube wp-embed-aspect-16-9 wp-has-aspect-ratio\"><div class=\"wp-block-embed__wrapper\">\n<iframe title=\"One Two Free EPK\" width=\"1200\" height=\"675\" src=\"https:\/\/www.youtube.com\/embed\/9cA1aBQMFWg?feature=oembed\" frameborder=\"0\" allow=\"accelerometer; autoplay; encrypted-media; gyroscope; picture-in-picture\" allowfullscreen><\/iframe>\n<\/div><\/figure>","protected":false},"excerpt":{"rendered":"<p>ONE TWO FREE&nbsp;ist ein Jazztrio aus Augsburg,&nbsp; dass 1982 von&nbsp;Walter Bittner ( drums ), Klaus F\u00fcger ( double bass ), und Robert Vogg ( flute, sax. ) gegr\u00fcndet wurde. Nach Aufl\u00f6sung der Band 1992 arbeiteten F\u00fcger und Bittner \u00fcber ein Jahrzehnt im Projekt \u201e The Double You be\u201c zusammen. Nun,&nbsp;38 Jahre sp\u00e4ter haben sich die &#8230; <a title=\"One Two Free\" class=\"read-more\" href=\"https:\/\/double-you-be.de\/?page_id=288\">Read more<span class=\"screen-reader-text\">One Two Free<\/span><\/a><\/p>\n","protected":false},"author":1,"featured_media":0,"parent":0,"menu_order":0,"comment_status":"closed","ping_status":"closed","template":"","meta":{"footnotes":""},"class_list":["post-288","page","type-page","status-publish"],"_links":{"self":[{"href":"https:\/\/double-you-be.de\/index.php?rest_route=\/wp\/v2\/pages\/288"}],"collection":[{"href":"https:\/\/double-you-be.de\/index.php?rest_route=\/wp\/v2\/pages"}],"about":[{"href":"https:\/\/double-you-be.de\/index.php?rest_route=\/wp\/v2\/types\/page"}],"author":[{"embeddable":true,"href":"https:\/\/double-you-be.de\/index.php?rest_route=\/wp\/v2\/users\/1"}],"replies":[{"embeddable":true,"href":"https:\/\/double-you-be.de\/index.php?rest_route=%2Fwp%2Fv2%2Fcomments&post=288"}],"version-history":[{"count":5,"href":"https:\/\/double-you-be.de\/index.php?rest_route=\/wp\/v2\/pages\/288\/revisions"}],"predecessor-version":[{"id":391,"href":"https:\/\/double-you-be.de\/index.php?rest_route=\/wp\/v2\/pages\/288\/revisions\/391"}],"wp:attachment":[{"href":"https:\/\/double-you-be.de\/index.php?rest_route=%2Fwp%2Fv2%2Fmedia&parent=288"}],"curies":[{"name":"wp","href":"https:\/\/api.w.org\/{rel}","templated":true}]}}